{"id":115,"date":"2023-02-21T18:24:19","date_gmt":"2023-02-21T15:24:19","guid":{"rendered":"http:\/\/www.kralarms.com\/?page_id=115"},"modified":"2025-07-25T09:01:56","modified_gmt":"2025-07-25T06:01:56","slug":"hakkimizda","status":"publish","type":"page","link":"https:\/\/www.kralarms.com\/tr\/hakkimizda\/","title":{"rendered":"Hakk\u0131m\u0131zda"},"content":{"rendered":"<p><strong>Kral Arms, hem ate\u015fli silah hem de haval\u0131 hedef t\u00fcfe\u011fi \u00fcretiminde \u00fclkemizin \u00f6nde gelen firmalar\u0131ndand\u0131r.<\/strong><\/p>\n<p>\u0130hracat odakl\u0131 firmam\u0131z, geni\u015f m\u00fc\u015fteri portf\u00f6y\u00fcyle d\u00fcnya \u00e7ap\u0131nda 90&#8217;dan fazla \u00fclkeye ihracat yapmaktad\u0131r.<\/p>\n<p>\u015eirketimiz, Bey\u015fehir \u00dcz\u00fcml\u00fc&#8217;de 18.000 m\u00b2 ve Bey\u015fehir Organize Sanayi B\u00f6lgesi&#8217;nde 25.000 m\u00b2 olmak \u00fczere tam entegre iki adet son teknoloji \u00fcretim tesisiyle \u00fcretim yapmaktad\u0131r.<\/p>\n<p>Y\u00fcksek teknoloji CNC makineleri ve 250&#8217;den fazla tecr\u00fcbeli personeliyle t\u00fcm \u00fcr\u00fcnlerinde kalite ve inovasyonu sunmaktad\u0131r.<\/p>\n<p>\u015eirketimiz t\u00fcm bunlar\u0131n yan\u0131 s\u0131ra, 2020 y\u0131l\u0131ndan itibaren yivli silahlar \u00fczerinde de yo\u011funla\u015farak tabanca ve t\u00fcfek \u00fcretimi konusunda ciddi yat\u0131r\u0131mlar yaparak \u00fclkemizin savunma sanayi sekt\u00f6r\u00fcn\u00fcn ilerlemesine katk\u0131 sa\u011flamaktad\u0131r.<\/p>\n<p>Kral Arms&#8217;\u0131n ana \u00fcr\u00fcn grubu i\u00e7erisinde yar\u0131-otomatik, s\u00fcper poze, pompal\u0131 ve \u015farj\u00f6rl\u00fc av t\u00fcfekleri, 9x19mm tabanca, 22 kalibre, AR platformu .223 Rem \/ 5.56x45mm, AK platformu 7.62x39mm ve 7.62x51mm bolt-action t\u00fcfek ile bunlar\u0131n yan\u0131nda PCP ve haval\u0131 hedef t\u00fcfekleri yer almaktad\u0131r. \u015eirketimiz s\u0131rad\u0131\u015f\u0131 haval\u0131 hedef t\u00fcfekleri \u00fcretiminde d\u00fcnya \u00e7ap\u0131nda bilinirli\u011fe sahip olup 1997&#8217;den beri T\u00fcrkiye&#8217;nin en sayg\u0131n ate\u015fli silah \u00fcreticilerinden biridir.<\/p>\n<p><iframe loading=\"lazy\" class=\"alignleft\" src=\"https:\/\/www.youtube.com\/embed\/FJfNm-HRA1U\" width=\"560\" height=\"315\" frameborder=\"0\" allowfullscreen=\"allowfullscreen\"><span data-mce-type=\"bookmark\" style=\"width: 0px;overflow: hidden;line-height: 0\" class=\"mce_SELRES_start\">\ufeff<\/span><\/iframe><\/p>\n<p>&nbsp;<\/p>\n","protected":false},"excerpt":{"rendered":"<p>Kral Arms, hem ate\u015fli silah hem de haval\u0131 hedef t\u00fcfe\u011fi \u00fcretiminde \u00fclkemizin \u00f6nde gelen firmalar\u0131ndand\u0131r. \u0130hracat odakl\u0131 firmam\u0131z, geni\u015f m\u00fc\u015fteri portf\u00f6y\u00fcyle d\u00fcnya \u00e7ap\u0131nda 90&#8217;dan fazla \u00fclkeye ihracat yapmaktad\u0131r. \u015eirketimiz, Bey\u015fehir \u00dcz\u00fcml\u00fc&#8217;de 18.000 m\u00b2 ve Bey\u015fehir Organize Sanayi B\u00f6lgesi&#8217;nde 25.000 m\u00b2 olmak \u00fczere tam entegre iki adet son teknoloji \u00fcretim tesisiyle \u00fcretim yapmaktad\u0131r. Y\u00fcksek teknoloji CNC [&hellip;]<\/p>\n","protected":false},"author":1,"featured_media":0,"parent":0,"menu_order":0,"comment_status":"closed","ping_status":"closed","template":"","meta":{"footnotes":""},"class_list":["post-115","page","type-page","status-publish","hentry"],"_links":{"self":[{"href":"https:\/\/www.kralarms.com\/tr\/wp-json\/wp\/v2\/pages\/115","targetHints":{"allow":["GET"]}}],"collection":[{"href":"https:\/\/www.kralarms.com\/tr\/wp-json\/wp\/v2\/pages"}],"about":[{"href":"https:\/\/www.kralarms.com\/tr\/wp-json\/wp\/v2\/types\/page"}],"author":[{"embeddable":true,"href":"https:\/\/www.kralarms.com\/tr\/wp-json\/wp\/v2\/users\/1"}],"replies":[{"embeddable":true,"href":"https:\/\/www.kralarms.com\/tr\/wp-json\/wp\/v2\/comments?post=115"}],"version-history":[{"count":5,"href":"https:\/\/www.kralarms.com\/tr\/wp-json\/wp\/v2\/pages\/115\/revisions"}],"predecessor-version":[{"id":3786,"href":"https:\/\/www.kralarms.com\/tr\/wp-json\/wp\/v2\/pages\/115\/revisions\/3786"}],"wp:attachment":[{"href":"https:\/\/www.kralarms.com\/tr\/wp-json\/wp\/v2\/media?parent=115"}],"curies":[{"name":"wp","href":"https:\/\/api.w.org\/{rel}","templated":true}]}}