{"id":115,"date":"2023-02-21T18:24:19","date_gmt":"2023-02-21T15:24:19","guid":{"rendered":"http:\/\/www.kralarms.com\/?page_id=115"},"modified":"2025-02-22T15:03:34","modified_gmt":"2025-02-22T12:03:34","slug":"acerca-de-nuestra-empresa","status":"publish","type":"page","link":"https:\/\/www.kralarms.com\/es\/acerca-de-nuestra-empresa\/","title":{"rendered":"Acerca De Nuestra Empresa"},"content":{"rendered":"<h3>KRAL ARMS es una de las empresas l\u00edderes de Turqu\u00eda en productos de caza, tiro y deportes.<\/h3>\n<p>KRAL ARMS produce escopetas, carabinas de aire comprimido y pistolas de fogueo en unas instalaciones de producci\u00f3n de 18.000 metros cuadrados con m\u00e1s de 250 personas. Utilizamos la m\u00e1s alta tecnolog\u00eda con trabajo manual para ofrecerte la mejor calidad.<\/p>\n<p><iframe loading=\"lazy\" class=\"alignright\" src=\"https:\/\/www.youtube.com\/embed\/FJfNm-HRA1U\" width=\"560\" height=\"315\" frameborder=\"0\" allowfullscreen=\"allowfullscreen\"><span data-mce-type=\"bookmark\" style=\"width: 0px; overflow: hidden; line-height: 0;\" class=\"mce_SELRES_start\">\ufeff<\/span><\/iframe><\/p>\n<p>La producci\u00f3n dentro de las fronteras de KRAL incluye mecanizado de madera, mecanizado de piezas de metal, moldeo por inyecci\u00f3n, inyecci\u00f3n de metal, fabricaci\u00f3n de moldes, soldadura, grabado, perforaci\u00f3n de ca\u00f1ones y fabricaci\u00f3n de ca\u00f1ones, marcado l\u00e1ser, grabado l\u00e1ser en piezas de madera y metal, recubrimiento de camuflaje, montaje, pruebas de control de calidad, disparos de prueba, etc. KRAL ARMS es una f\u00e1brica orientada a la exportaci\u00f3n y exporta el 99,5% de sus productos a m\u00e1s de 80 pa\u00edses de todo el mundo. Los productos KRAL ARMS con su muy buena calidad y precios competitivos reciben una muy buena aceptaci\u00f3n en todo el mundo. KRAL ARMS tiene la capacidad y los antecedentes necesarios para producir cualquier tipo de arma en casa. Nuestra misi\u00f3n es producir los mejores productos y los m\u00e1s baratos. Como durante los \u00faltimos 28 a\u00f1os, mientras el mundo exista, continuaremos sirvi\u00e9ndole.<\/p>\n<h3>\u00f3lo las tecnolog\u00edas m\u00e1s altas y avanzadas.<\/h3>\n<p>18.000 M\u00b2 de instalaciones integradas, 3 millones de piezas producidas en 20 a\u00f1os&#8230;<\/p>\n<p>&nbsp;<\/p>\n","protected":false},"excerpt":{"rendered":"<p>KRAL ARMS es una de las empresas l\u00edderes de Turqu\u00eda en productos de caza, tiro y deportes. KRAL ARMS produce escopetas, carabinas de aire comprimido y pistolas de fogueo en unas instalaciones de producci\u00f3n de 18.000 metros cuadrados con m\u00e1s de 250 personas. Utilizamos la m\u00e1s alta tecnolog\u00eda con trabajo manual para ofrecerte la mejor [&hellip;]<\/p>\n","protected":false},"author":1,"featured_media":0,"parent":0,"menu_order":0,"comment_status":"closed","ping_status":"closed","template":"","meta":{"footnotes":""},"class_list":["post-115","page","type-page","status-publish","hentry"],"_links":{"self":[{"href":"https:\/\/www.kralarms.com\/es\/wp-json\/wp\/v2\/pages\/115","targetHints":{"allow":["GET"]}}],"collection":[{"href":"https:\/\/www.kralarms.com\/es\/wp-json\/wp\/v2\/pages"}],"about":[{"href":"https:\/\/www.kralarms.com\/es\/wp-json\/wp\/v2\/types\/page"}],"author":[{"embeddable":true,"href":"https:\/\/www.kralarms.com\/es\/wp-json\/wp\/v2\/users\/1"}],"replies":[{"embeddable":true,"href":"https:\/\/www.kralarms.com\/es\/wp-json\/wp\/v2\/comments?post=115"}],"version-history":[{"count":3,"href":"https:\/\/www.kralarms.com\/es\/wp-json\/wp\/v2\/pages\/115\/revisions"}],"predecessor-version":[{"id":2941,"href":"https:\/\/www.kralarms.com\/es\/wp-json\/wp\/v2\/pages\/115\/revisions\/2941"}],"wp:attachment":[{"href":"https:\/\/www.kralarms.com\/es\/wp-json\/wp\/v2\/media?parent=115"}],"curies":[{"name":"wp","href":"https:\/\/api.w.org\/{rel}","templated":true}]}}